{"id":5974,"date":"2024-09-25T17:10:25","date_gmt":"2024-09-25T17:10:25","guid":{"rendered":"https:\/\/psicoresiliencia.com\/?page_id=5974"},"modified":"2026-01-15T14:26:25","modified_gmt":"2026-01-15T14:26:25","slug":"rastreio-dependencia-nicotina","status":"publish","type":"page","link":"https:\/\/psicoresiliencia.com\/index.php\/psicoterapia-online\/rastreio-dependencia-nicotina\/","title":{"rendered":"Rastreio Depend\u00eancia nicotina"},"content":{"rendered":"\t\t<div data-elementor-type=\"wp-page\" data-elementor-id=\"5974\" class=\"elementor elementor-5974\" data-elementor-post-type=\"page\">\n\t\t\t\t<div class=\"elementor-element elementor-element-39b02dc e-con-full e-flex e-con e-parent\" data-id=\"39b02dc\" data-element_type=\"container\" data-e-type=\"container\" data-settings=\"{&quot;background_background&quot;:&quot;classic&quot;,&quot;shape_divider_bottom&quot;:&quot;pyramids&quot;}\">\n\t\t\t\t<div class=\"elementor-shape elementor-shape-bottom\" aria-hidden=\"true\" data-negative=\"false\">\n\t\t\t<svg xmlns=\"http:\/\/www.w3.org\/2000\/svg\" viewBox=\"0 0 1000 100\" preserveAspectRatio=\"none\">\n\t<path class=\"elementor-shape-fill\" d=\"M761.9,44.1L643.1,27.2L333.8,98L0,3.8V0l1000,0v3.9\"\/>\n<\/svg>\t\t<\/div>\n\t\t<div class=\"elementor-element elementor-element-c8e9ca6 e-con-full e-flex e-con e-child\" data-id=\"c8e9ca6\" data-element_type=\"container\" data-e-type=\"container\">\n\t\t\t\t<div class=\"elementor-element elementor-element-3876ef9 elementor-widget elementor-widget-image\" data-id=\"3876ef9\" data-element_type=\"widget\" data-e-type=\"widget\" data-widget_type=\"image.default\">\n\t\t\t\t<div class=\"elementor-widget-container\">\n\t\t\t\t\t\t\t\t\t\t\t\t\t\t\t<img fetchpriority=\"high\" decoding=\"async\" width=\"800\" height=\"534\" src=\"https:\/\/psicoresiliencia.com\/wp-content\/uploads\/2024\/09\/pexels-mkbasil-247040-1024x683.jpg\" class=\"attachment-large size-large wp-image-5947\" alt=\"Deixar de fumar\" srcset=\"https:\/\/psicoresiliencia.com\/wp-content\/uploads\/2024\/09\/pexels-mkbasil-247040-1024x683.jpg 1024w, https:\/\/psicoresiliencia.com\/wp-content\/uploads\/2024\/09\/pexels-mkbasil-247040-300x200.jpg 300w, https:\/\/psicoresiliencia.com\/wp-content\/uploads\/2024\/09\/pexels-mkbasil-247040-768x512.jpg 768w, https:\/\/psicoresiliencia.com\/wp-content\/uploads\/2024\/09\/pexels-mkbasil-247040-1536x1024.jpg 1536w, https:\/\/psicoresiliencia.com\/wp-content\/uploads\/2024\/09\/pexels-mkbasil-247040-2048x1365.jpg 2048w, https:\/\/psicoresiliencia.com\/wp-content\/uploads\/2024\/09\/pexels-mkbasil-247040-600x400.jpg 600w\" sizes=\"(max-width: 800px) 100vw, 800px\" \/>\t\t\t\t\t\t\t\t\t\t\t\t\t\t\t<\/div>\n\t\t\t\t<\/div>\n\t\t\t\t<\/div>\n\t\t<div class=\"elementor-element elementor-element-137771c e-con-full e-flex e-con e-child\" data-id=\"137771c\" data-element_type=\"container\" data-e-type=\"container\">\n\t\t<div class=\"elementor-element elementor-element-831c4d5 e-con-full e-flex e-con e-child\" data-id=\"831c4d5\" data-element_type=\"container\" data-e-type=\"container\" data-settings=\"{&quot;background_background&quot;:&quot;classic&quot;}\">\n\t\t\t\t<div class=\"elementor-element elementor-element-2f44b77 elementor-widget elementor-widget-heading\" data-id=\"2f44b77\" data-element_type=\"widget\" data-e-type=\"widget\" data-widget_type=\"heading.default\">\n\t\t\t\t<div class=\"elementor-widget-container\">\n\t\t\t\t\t<h2 class=\"elementor-heading-title elementor-size-default\">Fa\u00e7a gratuitamente o<\/h2>\t\t\t\t<\/div>\n\t\t\t\t<\/div>\n\t\t\t\t<div class=\"elementor-element elementor-element-5d9abde elementor-widget elementor-widget-heading\" data-id=\"5d9abde\" data-element_type=\"widget\" data-e-type=\"widget\" data-widget_type=\"heading.default\">\n\t\t\t\t<div class=\"elementor-widget-container\">\n\t\t\t\t\t<h2 class=\"elementor-heading-title elementor-size-default\">Rastreio do seu n\u00edvel de depend\u00eancia.<\/h2>\t\t\t\t<\/div>\n\t\t\t\t<\/div>\n\t\t\t\t<div class=\"elementor-element elementor-element-e1fc0f2 elementor-widget-divider--view-line elementor-widget elementor-widget-divider\" data-id=\"e1fc0f2\" data-element_type=\"widget\" data-e-type=\"widget\" data-widget_type=\"divider.default\">\n\t\t\t\t<div class=\"elementor-widget-container\">\n\t\t\t\t\t\t\t<div class=\"elementor-divider\">\n\t\t\t<span class=\"elementor-divider-separator\">\n\t\t\t\t\t\t<\/span>\n\t\t<\/div>\n\t\t\t\t\t\t<\/div>\n\t\t\t\t<\/div>\n\t\t\t\t<div class=\"elementor-element elementor-element-648233b elementor-widget__width-initial elementor-widget-tablet__width-initial elementor-widget elementor-widget-text-editor\" data-id=\"648233b\" data-element_type=\"widget\" data-e-type=\"widget\" data-widget_type=\"text-editor.default\">\n\t\t\t\t<div class=\"elementor-widget-container\">\n\t\t\t\t\t\t\t\t\t<p>O primeiro passo para cuidar de si e deixar de fumar!<\/p>\t\t\t\t\t\t\t\t<\/div>\n\t\t\t\t<\/div>\n\t\t\t\t<\/div>\n\t\t<div class=\"elementor-element elementor-element-4a91979 e-con-full e-flex e-con e-child\" data-id=\"4a91979\" data-element_type=\"container\" data-e-type=\"container\">\n\t\t\t\t<\/div>\n\t\t\t\t<\/div>\n\t\t\t\t<\/div>\n\t\t<div class=\"elementor-element elementor-element-eea36b4 e-flex e-con-boxed e-con e-parent\" data-id=\"eea36b4\" data-element_type=\"container\" data-e-type=\"container\">\n\t\t\t\t\t<div class=\"e-con-inner\">\n\t\t<div class=\"elementor-element elementor-element-314d9de e-con-full e-flex e-con e-child\" data-id=\"314d9de\" data-element_type=\"container\" data-e-type=\"container\">\n\t\t\t\t<div class=\"elementor-element elementor-element-094371a elementor-widget elementor-widget-heading\" data-id=\"094371a\" data-element_type=\"widget\" data-e-type=\"widget\" data-widget_type=\"heading.default\">\n\t\t\t\t<div class=\"elementor-widget-container\">\n\t\t\t\t\t<h2 class=\"elementor-heading-title elementor-size-default\">Instru\u00e7\u00f5es<\/h2>\t\t\t\t<\/div>\n\t\t\t\t<\/div>\n\t\t\t\t<div class=\"elementor-element elementor-element-539806d elementor-widget elementor-widget-text-editor\" data-id=\"539806d\" data-element_type=\"widget\" data-e-type=\"widget\" data-widget_type=\"text-editor.default\">\n\t\t\t\t<div class=\"elementor-widget-container\">\n\t\t\t\t\t\t\t\t\t<p>O formul\u00e1rio de rastreio est\u00e1 dividido em duas partes.<\/p><p><strong>1\u00aa parte:<\/strong><\/p><p>Incluem as quest\u00f5es do rastreio, todas elas de resposta obrigat\u00f3ria<\/p><p>Indique os seus dados pessoais para posteriormente enviarmos o resultado final.<\/p><p><strong>2\u00aa parte:<\/strong><\/p><p>Indique os seus dados pessoais para obter o resultado final.<\/p>\t\t\t\t\t\t\t\t<\/div>\n\t\t\t\t<\/div>\n\t\t\t\t<\/div>\n\t\t<div class=\"elementor-element elementor-element-6515447 e-con-full e-flex e-con e-child\" data-id=\"6515447\" data-element_type=\"container\" data-e-type=\"container\">\n\t\t\t\t<div class=\"elementor-element elementor-element-1263244 elementor-widget elementor-widget-shortcode\" data-id=\"1263244\" data-element_type=\"widget\" data-e-type=\"widget\" data-widget_type=\"shortcode.default\">\n\t\t\t\t<div class=\"elementor-widget-container\">\n\t\t\t\t\t\t\t<div class=\"elementor-shortcode\"><div class=\"forminator-ui forminator-custom-form forminator-custom-form-5965 forminator-design--flat  forminator_ajax\" data-forminator-render=\"0\" data-form=\"forminator-module-5965\" data-uid=\"6a047c04c028f\"><br\/><\/div><form\n\t\t\t\tid=\"forminator-module-5965\"\n\t\t\t\tclass=\"forminator-ui forminator-custom-form forminator-custom-form-5965 forminator-design--flat  forminator_ajax\"\n\t\t\t\tmethod=\"post\"\n\t\t\t\tdata-forminator-render=\"0\"\n\t\t\t\tdata-form-id=\"5965\"\n\t\t\t\t data-color-option=\"default\" data-design=\"flat\" data-grid=\"open\" style=\"display: none;\"\n\t\t\t\tdata-uid=\"6a047c04c028f\"\n\t\t\t><div role=\"alert\" aria-live=\"polite\" class=\"forminator-response-message forminator-error\" aria-hidden=\"true\"><\/div><div class=\"forminator-pagination-progress\" aria-hidden=\"true\"><\/div><div\n\t\t\t\ttabindex=\"-1\"\n\t\t\t\trole=\"tabpanel\"\n\t\t\t\tid=\"forminator-custom-form-5965--page-0\"\n\t\t\t\tclass=\"forminator-pagination forminator-pagination-start\"\n\t\t\t\taria-labelledby=\"forminator-custom-form-5965--page-0-label\"\n\t\t\t\tdata-step=\"0\"\n\t\t\t\tdata-label=\"Fim\"\n\t\t\t\tdata-actual-label=\"Rastreio de sa\u00fade mental\"\n\t\t\t\tdata-name=\"page-break-2\"\n\t\t\t><div class=\"forminator-pagination--content\"><div class=\"forminator-row\"><div id=\"checkbox-1\" class=\"forminator-field-checkbox forminator-col forminator-col-12 \"><div role=\"group\" class=\"forminator-field required\" aria-labelledby=\"forminator-checkbox-group-forminator-field-checkbox-1-6a047c04c028f-label\"><span id=\"forminator-checkbox-group-forminator-field-checkbox-1-6a047c04c028f-label\" class=\"forminator-label\">Depois de acordar, ao fim de quanto tempo fuma o seu primeiro cigarro? <span class=\"forminator-required\">*<\/span><\/span><label id=\"forminator-field-checkbox-1-1-6a047c04c028f-label\" for=\"forminator-field-checkbox-1-1-6a047c04c028f\" class=\"forminator-checkbox\" title=\"Em menos de 5 minutos\"><input type=\"checkbox\" name=\"checkbox-1[]\" value=\"one\" id=\"forminator-field-checkbox-1-1-6a047c04c028f\" aria-labelledby=\"forminator-field-checkbox-1-1-6a047c04c028f-label\" data-calculation=\"3\"   data-hidden-behavior=\"zero\"\/><span class=\"forminator-checkbox-box\" aria-hidden=\"true\"><\/span><span class=\"forminator-checkbox-label\">Em menos de 5 minutos<\/span><\/label><label id=\"forminator-field-checkbox-1-2-6a047c04c028f-label\" for=\"forminator-field-checkbox-1-2-6a047c04c028f\" class=\"forminator-checkbox\" title=\"Entre 5 a 30 minutos depois\"><input type=\"checkbox\" name=\"checkbox-1[]\" value=\"two\" id=\"forminator-field-checkbox-1-2-6a047c04c028f\" aria-labelledby=\"forminator-field-checkbox-1-2-6a047c04c028f-label\" data-calculation=\"2\"   data-hidden-behavior=\"zero\"\/><span class=\"forminator-checkbox-box\" aria-hidden=\"true\"><\/span><span class=\"forminator-checkbox-label\">Entre 5 a 30 minutos depois<\/span><\/label><label id=\"forminator-field-checkbox-1-3-6a047c04c028f-label\" for=\"forminator-field-checkbox-1-3-6a047c04c028f\" class=\"forminator-checkbox\" title=\"Entre 31 a 61 minutos depois\"><input type=\"checkbox\" name=\"checkbox-1[]\" value=\"Muito-menos-do-que-antes\" id=\"forminator-field-checkbox-1-3-6a047c04c028f\" aria-labelledby=\"forminator-field-checkbox-1-3-6a047c04c028f-label\" data-calculation=\"1\"   data-hidden-behavior=\"zero\"\/><span class=\"forminator-checkbox-box\" aria-hidden=\"true\"><\/span><span class=\"forminator-checkbox-label\">Entre 31 a 61 minutos depois<\/span><\/label><\/div><\/div><\/div><div class=\"forminator-row\"><div id=\"checkbox-2\" class=\"forminator-field-checkbox forminator-col forminator-col-12 \"><div role=\"group\" class=\"forminator-field required\" aria-labelledby=\"forminator-checkbox-group-forminator-field-checkbox-2-6a047c04c028f-label\"><span id=\"forminator-checkbox-group-forminator-field-checkbox-2-6a047c04c028f-label\" class=\"forminator-label\">Considera dif\u00edcil n\u00e3o fumar nos locais em que n\u00e3o \u00e9 permitido? <span class=\"forminator-required\">*<\/span><\/span><label id=\"forminator-field-checkbox-2-1-6a047c04c028f-label\" for=\"forminator-field-checkbox-2-1-6a047c04c028f\" class=\"forminator-checkbox\" title=\"Sim\"><input type=\"checkbox\" name=\"checkbox-2[]\" value=\"one\" id=\"forminator-field-checkbox-2-1-6a047c04c028f\" aria-labelledby=\"forminator-field-checkbox-2-1-6a047c04c028f-label\" data-calculation=\"1\"   data-hidden-behavior=\"zero\"\/><span class=\"forminator-checkbox-box\" aria-hidden=\"true\"><\/span><span class=\"forminator-checkbox-label\">Sim<\/span><\/label><label id=\"forminator-field-checkbox-2-2-6a047c04c028f-label\" for=\"forminator-field-checkbox-2-2-6a047c04c028f\" class=\"forminator-checkbox\" title=\"N\u00e3o\"><input type=\"checkbox\" name=\"checkbox-2[]\" value=\"two\" id=\"forminator-field-checkbox-2-2-6a047c04c028f\" aria-labelledby=\"forminator-field-checkbox-2-2-6a047c04c028f-label\" data-calculation=\"0\"   data-hidden-behavior=\"zero\"\/><span class=\"forminator-checkbox-box\" aria-hidden=\"true\"><\/span><span class=\"forminator-checkbox-label\">N\u00e3o<\/span><\/label><\/div><\/div><\/div><div class=\"forminator-row\"><div id=\"checkbox-3\" class=\"forminator-field-checkbox forminator-col forminator-col-12 \"><div role=\"group\" class=\"forminator-field required\" aria-labelledby=\"forminator-checkbox-group-forminator-field-checkbox-3-6a047c04c028f-label\"><span id=\"forminator-checkbox-group-forminator-field-checkbox-3-6a047c04c028f-label\" class=\"forminator-label\">De que cigarro detestaria abdicar? <span class=\"forminator-required\">*<\/span><\/span><label id=\"forminator-field-checkbox-3-1-6a047c04c028f-label\" for=\"forminator-field-checkbox-3-1-6a047c04c028f\" class=\"forminator-checkbox\" title=\"O primeiro da manh\u00e3\"><input type=\"checkbox\" name=\"checkbox-3[]\" value=\"one\" id=\"forminator-field-checkbox-3-1-6a047c04c028f\" aria-labelledby=\"forminator-field-checkbox-3-1-6a047c04c028f-label\" data-calculation=\"1\"   data-hidden-behavior=\"zero\"\/><span class=\"forminator-checkbox-box\" aria-hidden=\"true\"><\/span><span class=\"forminator-checkbox-label\">O primeiro da manh\u00e3<\/span><\/label><label id=\"forminator-field-checkbox-3-2-6a047c04c028f-label\" for=\"forminator-field-checkbox-3-2-6a047c04c028f\" class=\"forminator-checkbox\" title=\"Qualquer um dos outros\"><input type=\"checkbox\" name=\"checkbox-3[]\" value=\"two\" id=\"forminator-field-checkbox-3-2-6a047c04c028f\" aria-labelledby=\"forminator-field-checkbox-3-2-6a047c04c028f-label\" data-calculation=\"0\"   data-hidden-behavior=\"zero\"\/><span class=\"forminator-checkbox-box\" aria-hidden=\"true\"><\/span><span class=\"forminator-checkbox-label\">Qualquer um dos outros<\/span><\/label><\/div><\/div><\/div><div class=\"forminator-row\"><div id=\"checkbox-4\" class=\"forminator-field-checkbox forminator-col forminator-col-12 \"><div role=\"group\" class=\"forminator-field required\" aria-labelledby=\"forminator-checkbox-group-forminator-field-checkbox-4-6a047c04c028f-label\"><span id=\"forminator-checkbox-group-forminator-field-checkbox-4-6a047c04c028f-label\" class=\"forminator-label\">Quantos cigarros fuma por dia? <span class=\"forminator-required\">*<\/span><\/span><label id=\"forminator-field-checkbox-4-1-6a047c04c028f-label\" for=\"forminator-field-checkbox-4-1-6a047c04c028f\" class=\"forminator-checkbox\" title=\"10 ou menos\"><input type=\"checkbox\" name=\"checkbox-4[]\" value=\"one\" id=\"forminator-field-checkbox-4-1-6a047c04c028f\" aria-labelledby=\"forminator-field-checkbox-4-1-6a047c04c028f-label\" data-calculation=\"0\"   data-hidden-behavior=\"zero\"\/><span class=\"forminator-checkbox-box\" aria-hidden=\"true\"><\/span><span class=\"forminator-checkbox-label\">10 ou menos<\/span><\/label><label id=\"forminator-field-checkbox-4-2-6a047c04c028f-label\" for=\"forminator-field-checkbox-4-2-6a047c04c028f\" class=\"forminator-checkbox\" title=\"11 a 20\"><input type=\"checkbox\" name=\"checkbox-4[]\" value=\"two\" id=\"forminator-field-checkbox-4-2-6a047c04c028f\" aria-labelledby=\"forminator-field-checkbox-4-2-6a047c04c028f-label\" data-calculation=\"1\"   data-hidden-behavior=\"zero\"\/><span class=\"forminator-checkbox-box\" aria-hidden=\"true\"><\/span><span class=\"forminator-checkbox-label\">11 a 20<\/span><\/label><label id=\"forminator-field-checkbox-4-3-6a047c04c028f-label\" for=\"forminator-field-checkbox-4-3-6a047c04c028f\" class=\"forminator-checkbox\" title=\"21 a 30\"><input type=\"checkbox\" name=\"checkbox-4[]\" value=\"Definitivamente,-n\u00e3o-tanto\" id=\"forminator-field-checkbox-4-3-6a047c04c028f\" aria-labelledby=\"forminator-field-checkbox-4-3-6a047c04c028f-label\" data-calculation=\"2\"   data-hidden-behavior=\"zero\"\/><span class=\"forminator-checkbox-box\" aria-hidden=\"true\"><\/span><span class=\"forminator-checkbox-label\">21 a 30<\/span><\/label><label id=\"forminator-field-checkbox-4-4-6a047c04c028f-label\" for=\"forminator-field-checkbox-4-4-6a047c04c028f\" class=\"forminator-checkbox\" title=\"31 ou mais\"><input type=\"checkbox\" name=\"checkbox-4[]\" value=\"Nunca\" id=\"forminator-field-checkbox-4-4-6a047c04c028f\" aria-labelledby=\"forminator-field-checkbox-4-4-6a047c04c028f-label\" data-calculation=\"3\"   data-hidden-behavior=\"zero\"\/><span class=\"forminator-checkbox-box\" aria-hidden=\"true\"><\/span><span class=\"forminator-checkbox-label\">31 ou mais<\/span><\/label><\/div><\/div><\/div><div class=\"forminator-row\"><div id=\"checkbox-5\" class=\"forminator-field-checkbox forminator-col forminator-col-12 \"><div role=\"group\" class=\"forminator-field required\" aria-labelledby=\"forminator-checkbox-group-forminator-field-checkbox-5-6a047c04c028f-label\"><span id=\"forminator-checkbox-group-forminator-field-checkbox-5-6a047c04c028f-label\" class=\"forminator-label\">Fuma com mais frequ\u00eancia durante a manh\u00e3? <span class=\"forminator-required\">*<\/span><\/span><label id=\"forminator-field-checkbox-5-1-6a047c04c028f-label\" for=\"forminator-field-checkbox-5-1-6a047c04c028f\" class=\"forminator-checkbox\" title=\"Sim\"><input type=\"checkbox\" name=\"checkbox-5[]\" value=\"one\" id=\"forminator-field-checkbox-5-1-6a047c04c028f\" aria-labelledby=\"forminator-field-checkbox-5-1-6a047c04c028f-label\" data-calculation=\"1\"   data-hidden-behavior=\"zero\"\/><span class=\"forminator-checkbox-box\" aria-hidden=\"true\"><\/span><span class=\"forminator-checkbox-label\">Sim<\/span><\/label><label id=\"forminator-field-checkbox-5-2-6a047c04c028f-label\" for=\"forminator-field-checkbox-5-2-6a047c04c028f\" class=\"forminator-checkbox\" title=\"N\u00e3o\"><input type=\"checkbox\" name=\"checkbox-5[]\" value=\"two\" id=\"forminator-field-checkbox-5-2-6a047c04c028f\" aria-labelledby=\"forminator-field-checkbox-5-2-6a047c04c028f-label\" data-calculation=\"1\"   data-hidden-behavior=\"zero\"\/><span class=\"forminator-checkbox-box\" aria-hidden=\"true\"><\/span><span class=\"forminator-checkbox-label\">N\u00e3o<\/span><\/label><\/div><\/div><\/div><div class=\"forminator-row\"><div id=\"checkbox-6\" class=\"forminator-field-checkbox forminator-col forminator-col-12 \"><div role=\"group\" class=\"forminator-field required\" aria-labelledby=\"forminator-checkbox-group-forminator-field-checkbox-6-6a047c04c028f-label\"><span id=\"forminator-checkbox-group-forminator-field-checkbox-6-6a047c04c028f-label\" class=\"forminator-label\">Fuma mesmo que esteja doente e de cama grande parte do dia? <span class=\"forminator-required\">*<\/span><\/span><label id=\"forminator-field-checkbox-6-1-6a047c04c028f-label\" for=\"forminator-field-checkbox-6-1-6a047c04c028f\" class=\"forminator-checkbox\" title=\"Sim\"><input type=\"checkbox\" name=\"checkbox-6[]\" value=\"one\" id=\"forminator-field-checkbox-6-1-6a047c04c028f\" aria-labelledby=\"forminator-field-checkbox-6-1-6a047c04c028f-label\" data-calculation=\"1\"   data-hidden-behavior=\"zero\"\/><span class=\"forminator-checkbox-box\" aria-hidden=\"true\"><\/span><span class=\"forminator-checkbox-label\">Sim<\/span><\/label><label id=\"forminator-field-checkbox-6-2-6a047c04c028f-label\" for=\"forminator-field-checkbox-6-2-6a047c04c028f\" class=\"forminator-checkbox\" title=\"N\u00e3o\"><input type=\"checkbox\" name=\"checkbox-6[]\" value=\"two\" id=\"forminator-field-checkbox-6-2-6a047c04c028f\" aria-labelledby=\"forminator-field-checkbox-6-2-6a047c04c028f-label\" data-calculation=\"1\"   data-hidden-behavior=\"zero\"\/><span class=\"forminator-checkbox-box\" aria-hidden=\"true\"><\/span><span class=\"forminator-checkbox-label\">N\u00e3o<\/span><\/label><\/div><\/div><\/div><\/div><\/div><div\n\t\t\t\ttabindex=\"-1\"\n\t\t\t\trole=\"tabpanel\"\n\t\t\t\tid=\"forminator-custom-form-5965--page-1\"\n\t\t\t\tclass=\"forminator-pagination\"\n\t\t\t\taria-labelledby=\"forminator-custom-form-5965--page-1-label\"\n\t\t\t\taria-hidden=\"true\"\n\t\t\t\tdata-step=\"1\"\n\t\t\t\tdata-label=\"Rastreio de sa\u00fade mental\"\n\t\t\t\tdata-actual-label=\"Fim\"\n\t\t\t\tdata-name=\"\"\n\t\t\t\thidden\n\t\t\t><div class=\"forminator-pagination--content\"><div class=\"forminator-row\"><div id=\"name-1\" class=\"forminator-field-name forminator-col forminator-col-12 \"><div class=\"forminator-field\"><label for=\"forminator-field-name-1_6a047c04c028f\" id=\"forminator-field-name-1_6a047c04c028f-label\" class=\"forminator-label\">Nome <span class=\"forminator-required\">*<\/span><\/label><input type=\"text\" name=\"name-1\" value=\"\" placeholder=\"\" id=\"forminator-field-name-1_6a047c04c028f\" class=\"forminator-input forminator-name--field\" aria-required=\"true\" autocomplete=\"name\" \/><\/div><\/div><\/div><div class=\"forminator-row\"><div id=\"email-1\" class=\"forminator-field-email forminator-col forminator-col-12 \"><div class=\"forminator-field\"><label for=\"forminator-field-email-1_6a047c04c028f\" id=\"forminator-field-email-1_6a047c04c028f-label\" class=\"forminator-label\">E-mail <span class=\"forminator-required\">*<\/span><\/label><input type=\"email\" name=\"email-1\" value=\"\" placeholder=\"\" id=\"forminator-field-email-1_6a047c04c028f\" class=\"forminator-input forminator-email--field\" data-required=\"1\" aria-required=\"true\" autocomplete=\"email\" \/><\/div><\/div><\/div><div class=\"forminator-row\"><div id=\"phone-1\" class=\"forminator-field-phone forminator-col forminator-col-12 \"><div class=\"forminator-field\"><label for=\"forminator-field-phone-1_6a047c04c028f\" id=\"forminator-field-phone-1_6a047c04c028f-label\" class=\"forminator-label\">Contacto telef\u00f3nico<\/label><input type=\"text\" name=\"phone-1\" value=\"\" placeholder=\"99 99 99 999\" id=\"forminator-field-phone-1_6a047c04c028f\" class=\"forminator-input forminator-field--phone\" data-required=\"\" aria-required=\"false\" autocomplete=\"off\" data-national_mode=\"enabled\" data-country=\"pt\" data-validation=\"standard\" \/><\/div><\/div><\/div><div class=\"forminator-row\"><div id=\"consent-1\" class=\"forminator-field-consent forminator-col forminator-col-12 \"><div class=\"forminator-field\"><div class=\"forminator-checkbox__wrapper\"><label id=\"forminator-field-consent-1_6a047c04c028f__label\" class=\"forminator-checkbox forminator-consent\"><input type=\"checkbox\" name=\"consent-1\" id=\"forminator-field-consent-1_6a047c04c028f\" value=\"checked\" aria-labelledby=\"forminator-field-consent-1_6a047c04c028f-label\" aria-describedby=\"forminator-field-consent-1_6a047c04c028f__description\" data-required=\"true\" aria-required=\"true\" \/><span class=\"forminator-checkbox-box\" aria-hidden=\"true\"><\/span><\/label><div id=\"forminator-field-consent-1_6a047c04c028f__description\" class=\"forminator-checkbox__label forminator-consent__label\"><p>Li e concordo com a <a href=\"https:\/\/psicoresiliencia.com\/index.php\/politica-de-privacidade\/\">pol\u00edtica de privacidade<\/a>.<\/p><\/div><\/div><\/div><\/div><\/div><div class=\"forminator-row\"><div id=\"calculation-1\" class=\"forminator-field-calculation forminator-col forminator-col-12 \"><div class=\"forminator-field\"><label for=\"calculation-1-field_6a047c04c028f\" id=\"calculation-1-field_6a047c04c028f-label\" class=\"forminator-label\">Calculations<\/label><input type=\"text\" name=\"calculation-1\" value=\"\" id=\"calculation-1-field_6a047c04c028f\" class=\"forminator-calculation forminator-input\" data-formula=\"{checkbox-1}+{checkbox-2}+{checkbox-3}+{checkbox-4}+{checkbox-5}+{checkbox-6}\" data-required=\"\" data-decimal-point=\".\" data-precision=\"2\" data-is-hidden=\"\" disabled=\"disabled\" data-decimals=\"2\" data-inputmask=\"&#039;groupSeparator&#039;: &#039;&#039;, &#039;radixPoint&#039;: &#039;.&#039;, &#039;digits&#039;: &#039;2&#039;\" readonly=\"readonly\" data-hidden-behavior=\"zero\" \/><\/div><\/div><\/div><\/div><button class=\"forminator-button forminator-pagination-submit\" style=\"display: none;\" disabled>Enviar respostas<\/button><\/div><input type=\"hidden\" name=\"referer_url\" value=\"\" \/><input type=\"hidden\" id=\"forminator_nonce\" name=\"forminator_nonce\" value=\"6d3bcf1a8c\" \/><input type=\"hidden\" name=\"_wp_http_referer\" value=\"\/index.php\/wp-json\/wp\/v2\/pages\/5974\" \/><input type=\"hidden\" name=\"form_id\" value=\"5965\"><input type=\"hidden\" name=\"page_id\" value=\"5974\"><input type=\"hidden\" name=\"form_type\" value=\"default\"><input type=\"hidden\" name=\"current_url\" value=\"https:\/\/psicoresiliencia.com\/index.php\/psicoterapia-online\/rastreio-dependencia-nicotina\/\"><input type=\"hidden\" name=\"render_id\" value=\"0\"><input type=\"hidden\" name=\"action\" value=\"forminator_submit_form_custom-forms\"><\/form><\/div>\n\t\t\t\t\t\t<\/div>\n\t\t\t\t<\/div>\n\t\t\t\t<\/div>\n\t\t\t\t\t<\/div>\n\t\t\t\t<\/div>\n\t\t\t\t<\/div>\n\t\t","protected":false},"excerpt":{"rendered":"<p>Acha que consegue parar de fumar? Que n\u00e3o tem um depend\u00eancia? Teste aqui, gratuitamente, a sua depend\u00eancia da nicotina.<\/p>\n","protected":false},"author":1,"featured_media":0,"parent":359,"menu_order":0,"comment_status":"closed","ping_status":"closed","template":"","meta":{"footnotes":""},"class_list":["post-5974","page","type-page","status-publish","hentry"],"_links":{"self":[{"href":"https:\/\/psicoresiliencia.com\/index.php\/wp-json\/wp\/v2\/pages\/5974","targetHints":{"allow":["GET"]}}],"collection":[{"href":"https:\/\/psicoresiliencia.com\/index.php\/wp-json\/wp\/v2\/pages"}],"about":[{"href":"https:\/\/psicoresiliencia.com\/index.php\/wp-json\/wp\/v2\/types\/page"}],"author":[{"embeddable":true,"href":"https:\/\/psicoresiliencia.com\/index.php\/wp-json\/wp\/v2\/users\/1"}],"replies":[{"embeddable":true,"href":"https:\/\/psicoresiliencia.com\/index.php\/wp-json\/wp\/v2\/comments?post=5974"}],"version-history":[{"count":0,"href":"https:\/\/psicoresiliencia.com\/index.php\/wp-json\/wp\/v2\/pages\/5974\/revisions"}],"up":[{"embeddable":true,"href":"https:\/\/psicoresiliencia.com\/index.php\/wp-json\/wp\/v2\/pages\/359"}],"wp:attachment":[{"href":"https:\/\/psicoresiliencia.com\/index.php\/wp-json\/wp\/v2\/media?parent=5974"}],"curies":[{"name":"wp","href":"https:\/\/api.w.org\/{rel}","templated":true}]}}