{"id":6889,"date":"2026-01-15T12:30:48","date_gmt":"2026-01-15T12:30:48","guid":{"rendered":"https:\/\/psicoresiliencia.com\/?page_id=6889"},"modified":"2026-01-15T12:32:37","modified_gmt":"2026-01-15T12:32:37","slug":"politica-de-privacidade-eni","status":"publish","type":"page","link":"https:\/\/psicoresiliencia.com\/index.php\/psicoterapia-online\/politica-de-privacidade-eni\/","title":{"rendered":"Politica de privacidade ENI"},"content":{"rendered":"\t\t<div data-elementor-type=\"wp-page\" data-elementor-id=\"6889\" class=\"elementor elementor-6889\" data-elementor-post-type=\"page\">\n\t\t\t\t<div class=\"elementor-element elementor-element-9e1f2bb e-con-full e-flex e-con e-parent\" data-id=\"9e1f2bb\" data-element_type=\"container\" data-e-type=\"container\" data-settings=\"{&quot;background_background&quot;:&quot;classic&quot;,&quot;shape_divider_bottom&quot;:&quot;pyramids&quot;}\">\n\t\t\t\t<div class=\"elementor-shape elementor-shape-bottom\" aria-hidden=\"true\" data-negative=\"false\">\n\t\t\t<svg xmlns=\"http:\/\/www.w3.org\/2000\/svg\" viewBox=\"0 0 1000 100\" preserveAspectRatio=\"none\">\n\t<path class=\"elementor-shape-fill\" d=\"M761.9,44.1L643.1,27.2L333.8,98L0,3.8V0l1000,0v3.9\"\/>\n<\/svg>\t\t<\/div>\n\t\t<div class=\"elementor-element elementor-element-08f055c e-con-full e-flex e-con e-child\" data-id=\"08f055c\" data-element_type=\"container\" data-e-type=\"container\">\n\t\t\t\t<div class=\"elementor-element elementor-element-9d83161 elementor-widget__width-initial elementor-widget-laptop__width-initial elementor-widget elementor-widget-heading\" data-id=\"9d83161\" data-element_type=\"widget\" data-e-type=\"widget\" data-widget_type=\"heading.default\">\n\t\t\t\t<div class=\"elementor-widget-container\">\n\t\t\t\t\t<h1 class=\"elementor-heading-title elementor-size-default\">Pol\u00edtica de privacidade<\/h1>\t\t\t\t<\/div>\n\t\t\t\t<\/div>\n\t\t\t\t<\/div>\n\t\t\t\t<\/div>\n\t\t<div class=\"elementor-element elementor-element-ecbac9b e-flex e-con-boxed e-con e-parent\" data-id=\"ecbac9b\" data-element_type=\"container\" data-e-type=\"container\">\n\t\t\t\t\t<div class=\"e-con-inner\">\n\t\t\t\t<div class=\"elementor-element elementor-element-462a640 elementor-widget__width-initial elementor-widget-tablet_extra__width-initial elementor-widget-mobile_extra__width-initial elementor-widget elementor-widget-text-editor\" data-id=\"462a640\" data-element_type=\"widget\" data-e-type=\"widget\" data-widget_type=\"text-editor.default\">\n\t\t\t\t<div class=\"elementor-widget-container\">\n\t\t\t\t\t\t\t\t\t<p>Este Website pertence a <strong>Patr\u00edcia Machado Francisco, empres\u00e1ria em nome individual, NIF: 211\u00a0607\u00a0037, adiante designada por PsicoResili\u00eancia<\/strong><strong>. <\/strong>Esta pol\u00edtica de privacidade explica como usamos a informa\u00e7\u00e3o pessoal que recolhemos acerca de si quando usa este Website.<\/p><p>A <strong>PsicoResili\u00eancia<\/strong> reconhece a import\u00e2ncia de proteger os seus dados pessoais, qualquer que seja a sua natureza. Por essa raz\u00e3o, desenvolvemos um conjunto de medidas de seguran\u00e7a que visam a prote\u00e7\u00e3o de dados pessoais de todos os que usam o nosso site. Nesta Pol\u00edtica de Privacidade explicamos quem somos, qual a finalidade que damos aos seus dados, como os tratamos, durante quanto tempo os conservamos, bem como as formas de entrar em contacto connosco e de exercer os seus direitos. O utilizador deve ler com aten\u00e7\u00e3o esta pol\u00edtica de privacidade, que foi redigida de forma clara e simples, para facilitar a sua compreens\u00e3o, e decidir de forma livre e volunt\u00e1ria se pretende facultar os seus dados pessoais \u00e0 <strong>PsicoResili\u00eancia.<\/strong> Assim, o utilizador garante ser maior de idade, e que os dados comunicados s\u00e3o verdadeiros, exatos, completos e atuais, sendo respons\u00e1vel por qualquer dano ou preju\u00edzo, direto ou indireto, que possa emergir em consequ\u00eancia do incumprimento de tal obriga\u00e7\u00e3o.<\/p><p>Caso tenha alguma d\u00favida sobre como tratamos e protegemos os seus dados por favor envie-nos um e-mail para\u00a0<a href=\"mailto:geral@psicoresiliencia.com\">geral@psicoresiliencia.com<\/a>\u00a0 .<\/p><p><strong>\u00c2mbito<\/strong><strong><br \/><\/strong>Esta pol\u00edtica de privacidade aplica-se a todos os dados pessoais recolhidos, atrav\u00e9s do site www.psicoresiliencia.com\u00a0\u00a0<\/p><p><strong>Finalidades do tratamento<br \/><\/strong>Os dados pessoais tratados no site s\u00e3o:<br \/>\u2022 Obtidos atrav\u00e9s da navega\u00e7\u00e3o no site: IP, Tipo de Dispositivo;<\/p><ul><li>Recolhidos no Formul\u00e1rio de contacto \u201cFale Connosco\u201d\u201d: nome, posi\u00e7\u00e3o, empresa, apelido, pa\u00eds, e-mail, mensagem;<\/li><\/ul><p>A <strong>PsicoResili\u00eancia<\/strong> tratar\u00e1 dos dados pessoais, de forma manual e\/ou automatizada, para as seguintes finalidades:<\/p><ul><li>Contactos comerciais: Os dados recolhidos neste site s\u00e3o necess\u00e1rios para dar resposta a potenciais clientes, e destinam-se ao processamento e informa\u00e7\u00e3o das partes interessadas. O fornecimento das informa\u00e7\u00f5es solicitadas no \u00e2mbito do Formul\u00e1rio de Contacto reveste car\u00e1ter obrigat\u00f3rio, sem os quais n\u00e3o \u00e9 poss\u00edvel prosseguir com as finalidades acima.<\/li><\/ul><ul><li>Presta\u00e7\u00e3o do servi\u00e7o de apoio psicol\u00f3gico: Os dados recolhidos neste site s\u00e3o necess\u00e1rios para marca\u00e7\u00e3o de consultas, para o desenrolar das consultas e intera\u00e7\u00e3o\/ contacto com os clientes\/pacientes.<\/li><\/ul><ul><li>Otimiza\u00e7\u00e3o web: Recolhemos uma quantidade limitada de dados dos utilizadores do nosso site, que utilizamos para nos ajudar a melhorar a sua experi\u00eancia quando utiliza o nosso site e para nos ajudar a gerir os servi\u00e7os que prestamos.<\/li><\/ul><p><strong>Per\u00edodo de reten\u00e7\u00e3o<\/strong><strong><br \/><\/strong>O per\u00edodo durante o qual os dados s\u00e3o armazenados e conservados varia de acordo com a finalidade para a qual a informa\u00e7\u00e3o \u00e9 tratada.<\/p><p>Efetivamente existem exig\u00eancias que obrigam a conservar os dados por um per\u00edodo m\u00ednimo. Assim, e sempre que n\u00e3o exista uma obriga\u00e7\u00e3o legal espec\u00edfica os dados ser\u00e3o armazenados e conservados apenas pelo per\u00edodo m\u00ednimo necess\u00e1rio para as finalidades que motivaram a sua recolha ou o seu posterior tratamento, que no seu termo os mesmos ser\u00e3o eliminados.<\/p><p><strong>Consentimento<\/strong><\/p><p>Ao consentir esta Pol\u00edtica de Privacidade, est\u00e1 a dar permiss\u00e3o para processar os seus dados pessoais especificamente para os fins identificados e selecionados.\u00a0\u00a0<br \/>Se o consentimento for legalmente necess\u00e1rio para o tratamento de dados pessoais, o titular dos dados tem o direito de retirar o seu consentimento em qualquer altura, embora esse direito n\u00e3o comprometa a licitude do tratamento efetuado com base no consentimento previamente dado nem o tratamento posterior dos mesmos dados, baseado noutra base legal, como \u00e9 o caso do cumprimento do contrato ou da obriga\u00e7\u00e3o legal a que a<strong> PsicoResili\u00eancia <\/strong>esteja sujeita.<br \/>Para revogar o seu consentimento, pode contactar-nos atrav\u00e9s de endere\u00e7o de e-mail <a href=\"mailto:geral@psicoresiliencia.com\">geral@psicoresiliencia.com .<\/a><\/p><p><strong>\u00a0<\/strong><strong>Recolha e tratamento de dados pessoais<\/strong><\/p><p><strong>\u00a0<\/strong>A <strong>PsicoResili\u00eancia <\/strong>\u00e9 a entidade respons\u00e1vel pelo tratamento dos dados pessoais dos Utilizadores recolhidos atrav\u00e9s do Site, os quais ser\u00e3o tratados nos termos ora descritos, bem como para efeitos de cumprimento de obriga\u00e7\u00f5es legais e regulat\u00f3rias da empresa.<\/p><ul><li>O acesso e navega\u00e7\u00e3o no Site n\u00e3o implica necessariamente a disponibiliza\u00e7\u00e3o de dados pessoais.<\/li><li>No entanto, existem determinadas funcionalidades no Site que implicam a disponibiliza\u00e7\u00e3o de dados pessoais.<\/li><\/ul><p><strong>Dados de identifica\u00e7\u00e3o e de contacto<\/strong><\/p><p>Caso pretenda contactar a <strong>PsicoResili\u00eancia<\/strong> atrav\u00e9s do Site, a <strong>PsicoResili\u00eancia<\/strong> recolher\u00e1 um conjunto de dados pessoais, os quais s\u00e3o tratados para dar resposta ao seu pedido\/ quest\u00e3o\/ partilha\/ agradecimento\/ reclama\u00e7\u00e3o\/ sugest\u00e3o.<\/p><p>Para o efeito, s\u00e3o recolhidos no formul\u00e1rio de contacto os seguintes dados pessoais:<\/p><ul><li>Nome<\/li><li>E-mail<\/li><li>Telefone<\/li><li>Data de nascimento<\/li><li>NIF<\/li><li>Dados relacionados com o seu pedido\/ quest\u00e3o\/ partilha\/ agradecimento\/ reclama\u00e7\u00e3o\/ sugest\u00e3o<\/li><li>Assunto do seu pedido<\/li><\/ul><p>Estes dados s\u00e3o de fornecimento obrigat\u00f3rio, sob pena de n\u00e3o ser poss\u00edvel processar o seu pedido e dar-lhe uma resposta.<\/p><p><strong>Utiliza\u00e7\u00e3o dos Dados Pessoais<\/strong><\/p><ul><li>A <strong>PsicoResili\u00eancia <\/strong>trata os dados pessoais para as finalidades de gest\u00e3o de contactos com os Utilizadores, nomeadamente com vista a dar resposta aos seus pedidos\/ quest\u00f5es\/ reclama\u00e7\u00f5es\/ sugest\u00f5es.<\/li><\/ul><p><strong>Direitos de Propriedade Intelectual<\/strong><\/p><ul><li>O Utilizador reconhece que o Site, a sua estrutura e disposi\u00e7\u00e3o, a sele\u00e7\u00e3o, organiza\u00e7\u00e3o e apresenta\u00e7\u00e3o do seu conte\u00fado, incluindo as suas funcionalidades e o software utilizado no mesmo, bem como as marcas, log\u00f3tipos e s\u00edmbolos apresentados no Site, s\u00e3o da titularidade da <strong>PsicoResili\u00eancia<\/strong> ou foram devidamente licenciados a favor daquela.<\/li><\/ul><ul><li>O Utilizador mais reconhece que os conte\u00fados deste Site (textos, imagens, gr\u00e1ficos, som e anima\u00e7\u00e3o e todas as outras informa\u00e7\u00f5es disponibilizadas) est\u00e3o protegidos por direitos de propriedade intelectual e obriga-se a respeitar tais direitos.<\/li><\/ul><p>Cabe \u00e0<strong> PsicoResili\u00eancia <\/strong>gerir o design, layout e disposi\u00e7\u00e3o de toda a informa\u00e7\u00e3o, conte\u00fados e materiais no Site, pelo que a <strong>PsicoResili\u00eancia<\/strong> pode, a qualquer altura, atualizar, modificar ou eliminar quaisquer conte\u00fados, servi\u00e7os, op\u00e7\u00f5es ou funcionalidades, bem como modificar a sua apresenta\u00e7\u00e3o e configura\u00e7\u00e3o e alterar os respetivos URLs.<\/p><ul><li>O Utilizador n\u00e3o est\u00e1 autorizado a transmitir, comunicar ao p\u00fablico, publicar, colocar \u00e0 disposi\u00e7\u00e3o do p\u00fablico, modificar, transformar, copiar, vender, utilizar ou distribuir, por qualquer forma, os textos, imagens ou outras informa\u00e7\u00f5es contidas neste Site ou parte do Site sem autoriza\u00e7\u00e3o pr\u00e9via, por escrito, da <strong>PsicoResili\u00eancia<\/strong>. A utiliza\u00e7\u00e3o de marcas e log\u00f3tipos neste Site, assim como a disponibiliza\u00e7\u00e3o dos materiais e produtos existentes no Site, n\u00e3o concedem, nem podem ser interpretados como concedendo, permiss\u00e3o aos Utilizadores para utilizar, direta ou indiretamente, tais marcas, log\u00f3tipos ou materiais.<\/li><\/ul><p><strong>Links para sites de terceiros<\/strong><\/p><p>A <strong>PsicoResili\u00eancia<\/strong> poder\u00e1 disponibilizar links para p\u00e1ginas de outras entidades. Estes Sites n\u00e3o pertencem nem s\u00e3o operados ou controlados pela <strong>PsicoResili\u00eancia<\/strong>, pelo que a <strong>PsicoResili\u00eancia<\/strong> n\u00e3o se responsabiliza, aprova ou por qualquer forma apoia ou subscreve o conte\u00fado desses Sites, nem dos Sites com ele ligados ou neles referidos. O estabelecimento de links n\u00e3o implica, em regra, a exist\u00eancia de rela\u00e7\u00f5es entre a <strong>PsicoResili\u00eancia<\/strong> e o propriet\u00e1rio ou gestor da p\u00e1gina web para a qual o link remeta.<\/p><p>Pelo exposto, a<strong> PsicoResili\u00eancia<\/strong> n\u00e3o se responsabiliza pela legalidade, fidedignidade ou qualidade de qualquer conte\u00fado a\u00ed disponibilizado, nem pelo cumprimento das regras legais aplic\u00e1veis em rela\u00e7\u00e3o aos conte\u00fados ali dispon\u00edveis, sendo a utiliza\u00e7\u00e3o destes links da inteira responsabilidade dos Utilizadores.<\/p><p><strong>Subcontratantes<\/strong><\/p><p><strong>\u00a0<\/strong>O tratamento dos dados dos utilizadores poder\u00e1 ser realizado por um prestador de servi\u00e7os id\u00f3neo, contratado pela <strong>PsicoResili\u00eancia.<\/strong> O referido prestador de servi\u00e7os tratar\u00e1 exclusivamente os dados para as finalidades estabelecidas pela <strong>PsicoResili\u00eancia<\/strong> e em observ\u00e2ncia das instru\u00e7\u00f5es por esta emitidas, cumprindo rigorosamente as normas legais sobre prote\u00e7\u00e3o de dados pessoais, seguran\u00e7a da informa\u00e7\u00e3o e demais normas aplic\u00e1veis.<\/p><p><strong>Transfer\u00eancias internacionais de dados<\/strong><\/p><p><strong>\u00a0<\/strong>A <strong>PsicoResili\u00eancia<\/strong> realizar\u00e1 o tratamento dos dados do utilizador no territ\u00f3rio do Espa\u00e7o Econ\u00f3mico Europeu (EEE), pelo que n\u00e3o prev\u00ea realizar qualquer transfer\u00eancia internacional de dados.<\/p><p><strong>Direitos dos utilizadores<\/strong><\/p><p><strong>\u00a0<\/strong>Em qualquer momento, enquanto a <strong>PsicoResili\u00eancia.<\/strong> possuir ou processar os dados pessoais, todos os utilizadores podem, em qualquer momento, exercer os seguintes direitos:<\/p><ul><li>Direito de acesso \u2013 direito a solicitar uma c\u00f3pia das informa\u00e7\u00f5es que temos sobre si;<br \/>\u2022 Direito de Retifica\u00e7\u00e3o &#8211; direito de corrigir os dados que considere imprecisos ou incompletos;<br \/>\u2022 Direito de ser esquecido &#8211; pode pedir que os dados que temos sobre si sejam apagados de todos os nossos registos;<br \/>\u2022 Direito \u00e0 limita\u00e7\u00e3o de processamento \u2013 quando determinadas condi\u00e7\u00f5es se aplicam para ter o direito de restringir o processamento;<br \/>\u2022 Direito de portabilidade &#8211; direito de ter os seus dados e que os mesmos sejam transferidos para outra organiza\u00e7\u00e3o;<br \/>\u2022 Direito de oposi\u00e7\u00e3o &#8211; direito de se opor a certos tipos de processamento;<br \/>\u2022 Direito de se opor ao tratamento individual automatizado, incluindo a defini\u00e7\u00e3o de perfil.<\/li><\/ul><p>Os direitos acima poder\u00e3o ser exercidos, atrav\u00e9s do endere\u00e7o de e-mail <a href=\"mailto:geral@psicoresiliencia.com\">geral@psicoresiliencia.com<\/a>.<\/p><p><strong>Medidas de prote\u00e7\u00e3o dos dados pessoais<\/strong><\/p><p>A<strong> PsicoResili\u00eancia<\/strong> aplica medidas t\u00e9cnicas e organizativas adequadas para proteger os dados pessoais dos utilizadores.<\/p><p><strong>Altera\u00e7\u00f5es \u00e0 Pol\u00edtica de Privacidade<\/strong><\/p><p><strong>\u00a0<\/strong>Ocasionalmente, a<strong> PsicoResili\u00eancia.<\/strong> atualizar\u00e1 esta Pol\u00edtica de Privacidade sempre que tal for necess\u00e1rio para dar cumprimento a imperativos legais ou tecnol\u00f3gicos. Quaisquer altera\u00e7\u00f5es ser\u00e3o divulgadas nesta mesma p\u00e1gina online pelo que, recomendamos que reveja periodicamente este documento, para se manter atualizado.<\/p><p><strong>Reclama\u00e7\u00f5es<\/strong><\/p><p>Caso o utilizador deseje fazer uma reclama\u00e7\u00e3o sobre a forma como os seus dados pessoais est\u00e3o a ser processados pela <strong>PsicoResili\u00eancia<\/strong> ou como a sua reclama\u00e7\u00e3o foi tratada, tem o direito de apresentar uma reclama\u00e7\u00e3o diretamente \u00e0 autoridade supervisora e \u00e0 <strong>PsicoResili\u00eancia.<\/strong><\/p><p><strong>Contactos:<\/strong> <a href=\"mailto:geral@psicoresiliencia.com\">geral@psicoresiliencia.com<\/a><\/p>\t\t\t\t\t\t\t\t<\/div>\n\t\t\t\t<\/div>\n\t\t\t\t\t<\/div>\n\t\t\t\t<\/div>\n\t\t\t\t<\/div>\n\t\t","protected":false},"excerpt":{"rendered":"<p>A PsicoResili\u00eancia reconhece a import\u00e2ncia de proteger os seus dados pessoais, qualquer que seja a sua natureza.<\/p>\n","protected":false},"author":1,"featured_media":0,"parent":359,"menu_order":0,"comment_status":"closed","ping_status":"closed","template":"","meta":{"footnotes":""},"class_list":["post-6889","page","type-page","status-publish","hentry"],"_links":{"self":[{"href":"https:\/\/psicoresiliencia.com\/index.php\/wp-json\/wp\/v2\/pages\/6889","targetHints":{"allow":["GET"]}}],"collection":[{"href":"https:\/\/psicoresiliencia.com\/index.php\/wp-json\/wp\/v2\/pages"}],"about":[{"href":"https:\/\/psicoresiliencia.com\/index.php\/wp-json\/wp\/v2\/types\/page"}],"author":[{"embeddable":true,"href":"https:\/\/psicoresiliencia.com\/index.php\/wp-json\/wp\/v2\/users\/1"}],"replies":[{"embeddable":true,"href":"https:\/\/psicoresiliencia.com\/index.php\/wp-json\/wp\/v2\/comments?post=6889"}],"version-history":[{"count":0,"href":"https:\/\/psicoresiliencia.com\/index.php\/wp-json\/wp\/v2\/pages\/6889\/revisions"}],"up":[{"embeddable":true,"href":"https:\/\/psicoresiliencia.com\/index.php\/wp-json\/wp\/v2\/pages\/359"}],"wp:attachment":[{"href":"https:\/\/psicoresiliencia.com\/index.php\/wp-json\/wp\/v2\/media?parent=6889"}],"curies":[{"name":"wp","href":"https:\/\/api.w.org\/{rel}","templated":true}]}}